{"id":178,"date":"2020-06-17T12:49:14","date_gmt":"2020-06-17T12:49:14","guid":{"rendered":"https:\/\/zermatt.qodeinteractive.com\/?page_id=178"},"modified":"2020-12-23T18:53:35","modified_gmt":"2020-12-23T21:53:35","slug":"noticias","status":"publish","type":"page","link":"https:\/\/ocaa.org.br\/en\/noticias\/","title":{"rendered":"News &#038; Multimedia"},"content":{"rendered":"\t\t<div data-elementor-type=\"wp-page\" data-elementor-id=\"178\" class=\"elementor elementor-178\" data-elementor-settings=\"[]\">\n\t\t\t\t\t\t<div class=\"elementor-inner\">\n\t\t\t\t\t\t\t<div class=\"elementor-section-wrap\">\n\t\t\t\t\t\t\t<div class=\"elementor-section elementor-top-section elementor-element elementor-element-86341b5 elementor-section-stretched elementor-section-boxed elementor-section-height-default elementor-section-height-default qodef-elementor-content-no qodef-elementor-stretch-row-no qodef-elementor-overlay-no\" data-id=\"86341b5\" data-element_type=\"section\" data-settings=\"{&quot;stretch_section&quot;:&quot;section-stretched&quot;}\">\n\t\t\t\t\t\t\t<div class=\"elementor-background-overlay\"><\/div>\n\t\t\t\t\t\t\t<div class=\"elementor-container elementor-column-gap-default\">\n\t\t\t\t\t\t\t<div class=\"elementor-row\">\n\t\t\t\t\t<div class=\"elementor-column elementor-col-100 elementor-top-column elementor-element elementor-element-4096ef7\" data-id=\"4096ef7\" data-element_type=\"column\">\n\t\t\t<div class=\"elementor-column-wrap elementor-element-populated\">\n\t\t\t\t\t\t\t<div class=\"elementor-widget-wrap\">\n\t\t\t\t\t\t<div class=\"elementor-element elementor-element-84d9991 elementor-hidden-tablet elementor-hidden-phone elementor-widget elementor-widget-text-editor\" data-id=\"84d9991\" data-element_type=\"widget\" data-widget_type=\"text-editor.default\">\n\t\t\t\t<div class=\"elementor-widget-container\">\n\t\t\t\t\t<div class=\"elementor-text-editor elementor-clearfix\"><h1><span style=\"color: #1a1a1a;\">NOT\u00cdCIAS<\/span><\/h1><\/div>\n\t\t\t\t<\/div>\n\t\t\t\t<\/div>\n\t\t\t\t<div class=\"elementor-element elementor-element-b9978dc elementor-hidden-desktop elementor-widget elementor-widget-text-editor\" data-id=\"b9978dc\" data-element_type=\"widget\" data-widget_type=\"text-editor.default\">\n\t\t\t\t<div class=\"elementor-widget-container\">\n\t\t\t\t\t<div class=\"elementor-text-editor elementor-clearfix\"><h2><span style=\"color: #1a1a1a;\">NOT\u00cdCIAS<\/span><\/h2><\/div>\n\t\t\t\t<\/div>\n\t\t\t\t<\/div>\n\t\t\t\t\t\t<\/div>\n\t\t\t\t\t<\/div>\n\t\t<\/div>\n\t\t\t\t\t\t\t\t<\/div>\n\t\t\t\t\t<\/div>\n\t\t<\/div>\n\t\t\t\t<section class=\"elementor-section elementor-top-section elementor-element elementor-element-9f19062 elementor-section-boxed elementor-section-height-default elementor-section-height-default qodef-elementor-content-no qodef-elementor-stretch-row-no qodef-elementor-overlay-no\" data-id=\"9f19062\" data-element_type=\"section\">\n\t\t\t\t\t\t\t<div class=\"elementor-background-overlay\"><\/div>\n\t\t\t\t\t\t\t<div class=\"elementor-container elementor-column-gap-default\">\n\t\t\t\t\t\t\t<div class=\"elementor-row\">\n\t\t\t\t\t<div class=\"elementor-column elementor-col-33 elementor-top-column elementor-element elementor-element-d18c1f0\" data-id=\"d18c1f0\" data-element_type=\"column\">\n\t\t\t<div class=\"elementor-column-wrap\">\n\t\t\t\t\t\t\t<div class=\"elementor-widget-wrap\">\n\t\t\t\t\t\t\t\t<\/div>\n\t\t\t\t\t<\/div>\n\t\t<\/div>\n\t\t\t\t<div class=\"elementor-column elementor-col-33 elementor-top-column elementor-element elementor-element-364e009\" data-id=\"364e009\" data-element_type=\"column\">\n\t\t\t<div class=\"elementor-column-wrap elementor-element-populated\">\n\t\t\t\t\t\t\t<div class=\"elementor-widget-wrap\">\n\t\t\t\t\t\t<div class=\"elementor-element elementor-element-114960f elementor-widget elementor-widget-text-editor\" data-id=\"114960f\" data-element_type=\"widget\" data-widget_type=\"text-editor.default\">\n\t\t\t\t<div class=\"elementor-widget-container\">\n\t\t\t\t\t<div class=\"elementor-text-editor elementor-clearfix\"><p><span style=\"color: #ffffff;\">Sele\u00e7\u00e3o de not\u00edcias sobre temas relevantes e atuais sobre as rela\u00e7\u00f5es entre com\u00e9rcio internacional e meio ambiente, em especial, na Amaz\u00f4nia.<\/span><\/p><\/div>\n\t\t\t\t<\/div>\n\t\t\t\t<\/div>\n\t\t\t\t\t\t<\/div>\n\t\t\t\t\t<\/div>\n\t\t<\/div>\n\t\t\t\t<div class=\"elementor-column elementor-col-33 elementor-top-column elementor-element elementor-element-8758056\" data-id=\"8758056\" data-element_type=\"column\">\n\t\t\t<div class=\"elementor-column-wrap\">\n\t\t\t\t\t\t\t<div class=\"elementor-widget-wrap\">\n\t\t\t\t\t\t\t\t<\/div>\n\t\t\t\t\t<\/div>\n\t\t<\/div>\n\t\t\t\t\t\t\t\t<\/div>\n\t\t\t\t\t<\/div>\n\t\t<\/section>\n\t\t\t\t<section class=\"elementor-section elementor-top-section elementor-element elementor-element-fc88b36 elementor-hidden-tablet elementor-hidden-phone elementor-section-boxed elementor-section-height-default elementor-section-height-default qodef-elementor-content-no qodef-elementor-stretch-row-no qodef-elementor-overlay-no\" data-id=\"fc88b36\" data-element_type=\"section\">\n\t\t\t\t\t\t<div class=\"elementor-container elementor-column-gap-default\">\n\t\t\t\t\t\t\t<div class=\"elementor-row\">\n\t\t\t\t\t<div class=\"elementor-column elementor-col-33 elementor-top-column elementor-element elementor-element-75184d1\" data-id=\"75184d1\" data-element_type=\"column\">\n\t\t\t<div class=\"elementor-column-wrap\">\n\t\t\t\t\t\t\t<div class=\"elementor-widget-wrap\">\n\t\t\t\t\t\t\t\t<\/div>\n\t\t\t\t\t<\/div>\n\t\t<\/div>\n\t\t\t\t<div class=\"elementor-column elementor-col-33 elementor-top-column elementor-element elementor-element-43676c2\" data-id=\"43676c2\" data-element_type=\"column\">\n\t\t\t<div class=\"elementor-column-wrap elementor-element-populated\">\n\t\t\t\t\t\t\t<div class=\"elementor-widget-wrap\">\n\t\t\t\t\t\t<div class=\"elementor-element elementor-element-f738de4 elementor-widget elementor-widget-shortcode\" data-id=\"f738de4\" data-element_type=\"widget\" data-widget_type=\"shortcode.default\">\n\t\t\t\t<div class=\"elementor-widget-container\">\n\t\t\t\t\t<div class=\"elementor-shortcode\">[wpbm id=\"8509\"]<\/div>\n\t\t\t\t<\/div>\n\t\t\t\t<\/div>\n\t\t\t\t\t\t<\/div>\n\t\t\t\t\t<\/div>\n\t\t<\/div>\n\t\t\t\t<div class=\"elementor-column elementor-col-33 elementor-top-column elementor-element elementor-element-ce5ad34\" data-id=\"ce5ad34\" data-element_type=\"column\">\n\t\t\t<div class=\"elementor-column-wrap\">\n\t\t\t\t\t\t\t<div class=\"elementor-widget-wrap\">\n\t\t\t\t\t\t\t\t<\/div>\n\t\t\t\t\t<\/div>\n\t\t<\/div>\n\t\t\t\t\t\t\t\t<\/div>\n\t\t\t\t\t<\/div>\n\t\t<\/section>\n\t\t\t\t<section class=\"elementor-section elementor-top-section elementor-element elementor-element-41d18a7 elementor-hidden-desktop elementor-section-boxed elementor-section-height-default elementor-section-height-default qodef-elementor-content-no qodef-elementor-stretch-row-no qodef-elementor-overlay-no\" data-id=\"41d18a7\" data-element_type=\"section\">\n\t\t\t\t\t\t<div class=\"elementor-container elementor-column-gap-default\">\n\t\t\t\t\t\t\t<div class=\"elementor-row\">\n\t\t\t\t\t<div class=\"elementor-column elementor-col-100 elementor-top-column elementor-element elementor-element-825f067\" data-id=\"825f067\" data-element_type=\"column\">\n\t\t\t<div class=\"elementor-column-wrap elementor-element-populated\">\n\t\t\t\t\t\t\t<div class=\"elementor-widget-wrap\">\n\t\t\t\t\t\t<div class=\"elementor-element elementor-element-585fa78 elementor-widget elementor-widget-zermatt_core_blog_list\" data-id=\"585fa78\" data-element_type=\"widget\" data-widget_type=\"zermatt_core_blog_list.default\">\n\t\t\t\t<div class=\"elementor-widget-container\">\n\t\t\t<div class=\"qodef-shortcode qodef-m  qodef-blog qodef--list qodef-item-layout--standard qodef-grid qodef-layout--columns  qodef-gutter--large qodef-col-num--1 qodef-item-layout--standard qodef--no-bottom-space qodef-pagination--off qodef-responsive--predefined\" data-options=\"{&quot;plugin&quot;:&quot;zermatt_core&quot;,&quot;module&quot;:&quot;blog\\\/shortcodes&quot;,&quot;shortcode&quot;:&quot;blog-list&quot;,&quot;post_type&quot;:&quot;post&quot;,&quot;next_page&quot;:&quot;2&quot;,&quot;behavior&quot;:&quot;columns&quot;,&quot;images_proportion&quot;:&quot;full&quot;,&quot;columns&quot;:&quot;1&quot;,&quot;columns_responsive&quot;:&quot;predefined&quot;,&quot;columns_1440&quot;:&quot;3&quot;,&quot;columns_1366&quot;:&quot;3&quot;,&quot;columns_1024&quot;:&quot;3&quot;,&quot;columns_768&quot;:&quot;3&quot;,&quot;columns_680&quot;:&quot;3&quot;,&quot;columns_480&quot;:&quot;3&quot;,&quot;space&quot;:&quot;large&quot;,&quot;posts_per_page&quot;:&quot;-1&quot;,&quot;orderby&quot;:&quot;date&quot;,&quot;order&quot;:&quot;DESC&quot;,&quot;additional_params&quot;:&quot;tax&quot;,&quot;tax&quot;:&quot;category&quot;,&quot;tax_slug&quot;:&quot;noticias&quot;,&quot;layout&quot;:&quot;standard&quot;,&quot;title_tag&quot;:&quot;h6&quot;,&quot;pagination_type&quot;:&quot;no-pagination&quot;,&quot;standard_replace_author&quot;:&quot;yes&quot;,&quot;object_class_name&quot;:&quot;ZermattCoreBlogListShortcode&quot;,&quot;taxonomy_filter&quot;:&quot;category&quot;,&quot;additional_query_args&quot;:{&quot;tax_query&quot;:[{&quot;taxonomy&quot;:&quot;category&quot;,&quot;field&quot;:&quot;slug&quot;,&quot;terms&quot;:&quot;noticias&quot;}]},&quot;space_value&quot;:25}\">\n\t\t<div class=\"qodef-grid-inner clear\">\n\t\t<p class=\"qodef-m-posts-not-found qodef-grid-item\">No posts were found for provided query parameters.<\/p>\t<\/div>\n\t<\/div>\t\t<\/div>\n\t\t\t\t<\/div>\n\t\t\t\t\t\t<\/div>\n\t\t\t\t\t<\/div>\n\t\t<\/div>\n\t\t\t\t\t\t\t\t<\/div>\n\t\t\t\t\t<\/div>\n\t\t<\/section>\n\t\t\t\t\t\t<\/div>\n\t\t\t\t\t\t<\/div>\n\t\t\t\t\t<\/div>\n\t\t","protected":false},"excerpt":{"rendered":"<p>NOT\u00cdCIAS NOT\u00cdCIAS Sele\u00e7\u00e3o de not\u00edcias sobre temas relevantes e atuais sobre as rela\u00e7\u00f5es entre com\u00e9rcio internacional e meio ambiente, em especial, na Amaz\u00f4nia. [wpbm id=&#8221;8509&#8243;] 07 dez Not\u00edcias Degrada\u00e7\u00e3o ambiental diminui fluxo de investimentos para o Brasil, diz presidente do Ita\u00fa Leia mais 07 dez Not\u00edcias Segunda onda de Covid-19 retarda consumo de carne fora [&hellip;]<\/p>\n","protected":false},"author":13,"featured_media":0,"parent":0,"menu_order":0,"comment_status":"closed","ping_status":"closed","template":"","meta":[],"translation":{"provider":"WPGlobus","version":"2.7.3","language":"en","enabled_languages":["br","en","es"],"languages":{"br":{"title":true,"content":true,"excerpt":false},"en":{"title":true,"content":false,"excerpt":false},"es":{"title":true,"content":false,"excerpt":false}}},"_links":{"self":[{"href":"https:\/\/ocaa.org.br\/en\/wp-json\/wp\/v2\/pages\/178"}],"collection":[{"href":"https:\/\/ocaa.org.br\/en\/wp-json\/wp\/v2\/pages"}],"about":[{"href":"https:\/\/ocaa.org.br\/en\/wp-json\/wp\/v2\/types\/page"}],"author":[{"embeddable":true,"href":"https:\/\/ocaa.org.br\/en\/wp-json\/wp\/v2\/users\/13"}],"replies":[{"embeddable":true,"href":"https:\/\/ocaa.org.br\/en\/wp-json\/wp\/v2\/comments?post=178"}],"version-history":[{"count":3,"href":"https:\/\/ocaa.org.br\/en\/wp-json\/wp\/v2\/pages\/178\/revisions"}],"predecessor-version":[{"id":10126,"href":"https:\/\/ocaa.org.br\/en\/wp-json\/wp\/v2\/pages\/178\/revisions\/10126"}],"wp:attachment":[{"href":"https:\/\/ocaa.org.br\/en\/wp-json\/wp\/v2\/media?parent=178"}],"curies":[{"name":"wp","href":"https:\/\/api.w.org\/{rel}","templated":true}]}}