{"id":1858,"date":"2020-08-21T08:40:07","date_gmt":"2020-08-21T08:40:07","guid":{"rendered":"https:\/\/zermatt.qodeinteractive.com\/?page_id=1858"},"modified":"2021-01-12T18:49:13","modified_gmt":"2021-01-12T21:49:13","slug":"quem-somos","status":"publish","type":"page","link":"https:\/\/ocaa.org.br\/es\/quem-somos\/","title":{"rendered":"Qui\u00e9nes somos"},"content":{"rendered":"<h1>QUI\u00c9NES SOMOS<\/h1>\n<h2>QUI\u00c9NES SOMOS<\/h2>\n<p>Idealizado por cuatro organizaciones de la sociedad civil, el OCAA (Observatorio de Comercio y Ambiente en la Amazon\u00eda) es una plataforma que re\u00fane informaci\u00f3n calificada sobre las relaciones entre el comercio internacional y el medio ambiente en la Amazon\u00eda, estimulando el di\u00e1logo basado en la ciencia y la participaci\u00f3n de diversos actores de la sociedad.<\/p>\n<p>Ofrecemos una colecci\u00f3n de publicaciones, an\u00e1lisis y noticias seleccionadas, as\u00ed como la oportunidad de seguir de cerca y participar en debates especializados, con el fin de contribuir a la prosperidad socioecon\u00f3mica y ambiental.<\/p>\n<h1>Contexto<\/h1>\n<h2>Contexto<\/h2>\n<p>La Amazon\u00eda, la reserva de carbono biol\u00f3gico m\u00e1s grande del mundo, es el centro de atenci\u00f3n cuando se habla de comercio global y acuerdos comerciales que involucran a Brasil. La preocupaci\u00f3n por el medio ambiente y su preservaci\u00f3n ha ganado cada vez m\u00e1s fuerza en estas discusiones, en especial, aunque no exclusivamente, en los pa\u00edses desarrollados. Esto se debe, en parte, a la percepci\u00f3n mundial de que la destrucci\u00f3n del bosque tropical m\u00e1s grande del planeta tendr\u00eda serias implicaciones, no solo para Brasil, sino para el equilibrio clim\u00e1tico global.<\/p>\n<p>En este contexto, las manifestaciones de inversionistas y compradores extranjeros, preocupados por el avance de la deforestaci\u00f3n en la Amazon\u00eda, sugieren que esta tendencia puede no solo perjudicar el comercio y los acuerdos comerciales en los que Brasil est\u00e1 involucrado, sino tambi\u00e9n resultar en la evasi\u00f3n de inversiones.<\/p>\n<p>La desconfianza y la presi\u00f3n sobre el pa\u00eds deben permanecer si el escenario de degradaci\u00f3n socioambiental sigue el ritmo actual. En situaciones como esta, los acuerdos comerciales preferenciales y las barreras a las exportaciones brasile\u00f1as son algunas de las limitaciones que la comunidad internacional puede imponer.<\/p>\n<h4 style=\"text-align: right;\"><a href=\"https:\/\/ocaa.org.br\/es\/por-que-criar-o-ocaa\/\">Conozca m\u00e1s aqu\u00ed\u00a0<img loading=\"lazy\" src=\"https:\/\/ocaa.org.br\/wp-content\/uploads\/2020\/12\/Icon-Link-Down.svg\" alt=\"\" width=\"25\" height=\"25\" \/><\/a><\/h4>\n<h1>Objetivos<\/h1>\n<h2>Objetivos<\/h2>\n<p><img loading=\"lazy\" src=\"https:\/\/ocaa.org.br\/wp-content\/uploads\/2020\/12\/Icon-Bullet.svg\" alt=\"\" width=\"16\" height=\"16\" \/>\u00a0Promover el intercambio de informaci\u00f3n calificada sobre el comercio y el medio ambiente de la Amazon\u00eda;<\/p>\n<p><img loading=\"lazy\" src=\"https:\/\/ocaa.org.br\/wp-content\/uploads\/2020\/12\/Icon-Bullet.svg\" alt=\"\" width=\"16\" height=\"16\" \/> Servir de repositorio de informaciones calificadas, como leyes, regulaciones y datos estad\u00edsticos sobre el Brasil y la Amazon\u00eda, que puedan orientar la toma de decisiones de productores, consumidores e inversionistas;<\/p>\n<p><img loading=\"lazy\" src=\"https:\/\/ocaa.org.br\/wp-content\/uploads\/2020\/12\/Icon-Bullet.svg\" alt=\"\" width=\"16\" height=\"16\" \/> Promover, a trav\u00e9s de debates, la participaci\u00f3n multisectorial;<\/p>\n<p><img loading=\"lazy\" src=\"https:\/\/ocaa.org.br\/wp-content\/uploads\/2020\/12\/Icon-Bullet.svg\" alt=\"\" width=\"16\" height=\"16\" \/>\u00a0Mejorar la comprensi\u00f3n de la din\u00e1mica entre el comercio internacional y el medio ambiente y contribuir al desarrollo del comercio internacional que tenga en cuenta un mundo en la transformaci\u00f3n del clima y la salud \u2013 punto crucial para promover relaciones justas entre Brasil y sus socios comerciales;<\/p>\n<p><img loading=\"lazy\" src=\"https:\/\/ocaa.org.br\/wp-content\/uploads\/2020\/12\/Icon-Bullet.svg\" alt=\"\" width=\"16\" height=\"16\" \/>\u00a0Promover el di\u00e1logo sobre acuerdos que consideren la protecci\u00f3n del medio ambiente en la Amazon\u00eda, la prosperidad econ\u00f3mica regional y la justicia social para sus habitantes.<\/p>\n<h1>Principios<\/h1>\n<h2>Principios<\/h2>\n<h4>Las actividades promovidas por el OCAA se basan en su Declaraci\u00f3n de Principios:<\/h4>\n<h4 role=\"tab\" data-tab=\"1\" aria-controls=\"elementor-tab-content-9021\">\n<style>.a,.c{fill:none;}.a{stroke:#1a1a1a;stroke-width:2px;}.b{stroke:none;}<\/style>\n<\/h4>\n<p>&nbsp;<\/p>\n<h4 role=\"tab\" data-tab=\"1\" aria-controls=\"elementor-tab-content-9021\">\n<style>.a,.c{fill:none;}.a{stroke:#1a1a1a;stroke-width:2px;}.b{stroke:none;}<\/style>\n<\/h4>\n<p><a>Desarrollo sostenible<\/a><\/p>\n<p>El Observatorio actuar\u00e1 de acuerdo con el Informe Brundtland, bajo el precepto de que debemos satisfacer las necesidades actuales de la sociedad sin comprometer la capacidad de las generaciones futuras para satisfacer sus propias necesidades;<\/p>\n<h4 role=\"tab\" data-tab=\"2\" aria-controls=\"elementor-tab-content-9022\">\n<style>.a,.c{fill:none;}.a{stroke:#1a1a1a;stroke-width:2px;}.b{stroke:none;}<\/style>\n<\/h4>\n<p>&nbsp;<\/p>\n<h4 role=\"tab\" data-tab=\"2\" aria-controls=\"elementor-tab-content-9022\">\n<style>.a,.c{fill:none;}.a{stroke:#1a1a1a;stroke-width:2px;}.b{stroke:none;}<\/style>\n<\/h4>\n<p><a>Prevenci\u00f3n<\/a><\/p>\n<p>la actuaci\u00f3n del Observatorio siempre tendr\u00e1 en cuenta los medios para evitar los da\u00f1os socioambientales derivados de las actividades de explotaci\u00f3n de recursos naturales, producci\u00f3n y comercializaci\u00f3n de bienes y servicios, buscando salvaguardar el medio ambiente, la salud humana y animal y los derechos humanos;<\/p>\n<h4 role=\"tab\" data-tab=\"3\" aria-controls=\"elementor-tab-content-9023\">\n<style>.a,.c{fill:none;}.a{stroke:#1a1a1a;stroke-width:2px;}.b{stroke:none;}<\/style>\n<\/h4>\n<p>&nbsp;<\/p>\n<h4 role=\"tab\" data-tab=\"3\" aria-controls=\"elementor-tab-content-9023\">\n<style>.a,.c{fill:none;}.a{stroke:#1a1a1a;stroke-width:2px;}.b{stroke:none;}<\/style>\n<\/h4>\n<p><a>Participaci\u00f3n Social<\/a><\/p>\n<p>Las acciones y posicionamientos del Observatorio privilegiar\u00e1n la cooperaci\u00f3n participativa entre Estado, sector privado y sociedad civil, con miras al debate, a la construcci\u00f3n y a la ejecuci\u00f3n de pol\u00edticas comerciales compatibles con las necesidades socioambientales;<\/p>\n<h4 role=\"tab\" data-tab=\"4\" aria-controls=\"elementor-tab-content-9024\">\n<style>.a,.c{fill:none;}.a{stroke:#1a1a1a;stroke-width:2px;}.b{stroke:none;}<\/style>\n<\/h4>\n<p>&nbsp;<\/p>\n<h4 role=\"tab\" data-tab=\"4\" aria-controls=\"elementor-tab-content-9024\">\n<style>.a,.c{fill:none;}.a{stroke:#1a1a1a;stroke-width:2px;}.b{stroke:none;}<\/style>\n<\/h4>\n<p><a>Cooperaci\u00f3n Internacional<\/a><\/p>\n<p>Teniendo en cuenta la dimensi\u00f3n internacional de los temas de comercio y medioambiente, especialmente ante la actual crisis clim\u00e1tica que exige soluciones conjuntas a nivel global, el Observatorio actuar\u00e1 bajo el principio de que la colaboraci\u00f3n entre pa\u00edses debe prevalecer en el tratamiento de las cuestiones de protecci\u00f3n de los derechos humanos y del medio ambiente, salvaguardando la soberan\u00eda e los intereses de cada Estado;<\/p>\n<h4 role=\"tab\" data-tab=\"5\" aria-controls=\"elementor-tab-content-9025\">\n<style>.a,.c{fill:none;}.a{stroke:#1a1a1a;stroke-width:2px;}.b{stroke:none;}<\/style>\n<\/h4>\n<p>&nbsp;<\/p>\n<h4 role=\"tab\" data-tab=\"5\" aria-controls=\"elementor-tab-content-9025\">\n<style>.a,.c{fill:none;}.a{stroke:#1a1a1a;stroke-width:2px;}.b{stroke:none;}<\/style>\n<\/h4>\n<p><a>Imparcialidad e Independencia<\/a><\/p>\n<p>Las conductas del Observatorio seguir\u00e1n criterios de equidad en cuanto a la oportunidad de expresar opiniones diversas, y sus posicionamientos se llevar\u00e1n a cabo objetivamente y siguiendo preceptos exclusivamente t\u00e9cnicos y cient\u00edficos, adem\u00e1s de independientes de ideolog\u00edas o v\u00ednculos pol\u00edticos partidistas.<\/p>\n<h1>Visi\u00f3n y valores<\/h1>\n<h2>Visi\u00f3n y valores<\/h2>\n<p>Nuestra Visi\u00f3n: Promover un di\u00e1logo calificado que contribuya al desarrollo de un est\u00e1ndar de comercio internacional que respete y promueva la conservaci\u00f3n de la integridad ambiental de la Amazon\u00eda y la protecci\u00f3n de los derechos de sus habitantes, logrando as\u00ed la prosperidad socio-econ\u00f3mica y ambiental en la regi\u00f3n.<\/p>\n<p>Los di\u00e1logos que promovemos se basan en tres valores: (1) fundamentaci\u00f3n cient\u00edfica; (2) transparencia, (3) tolerancia a las diferencias de opini\u00f3n y a la diversidad de visiones ideol\u00f3gicas, religiosas o de partidos pol\u00edticos.<\/p>\n<h1>Gobernanza<\/h1>\n<h2>Miembros fundadores<\/h2>\n<p><a href=\"https:\/\/www.cindesbrasil.org\/site\/\" target=\"_blank\" rel=\"noopener\"><br \/>\n<img loading=\"lazy\" src=\"https:\/\/ocaa.org.br\/wp-content\/uploads\/2020\/11\/cindes.png\" sizes=\"(max-width: 600px) 100vw, 600px\" srcset=\"https:\/\/ocaa.org.br\/wp-content\/uploads\/2020\/11\/cindes.png 600w, https:\/\/ocaa.org.br\/wp-content\/uploads\/2020\/11\/cindes-300x56.png 300w\" alt=\"\" width=\"600\" height=\"111\" \/><br \/>\n<img loading=\"lazy\" src=\"https:\/\/ocaa.org.br\/wp-content\/uploads\/2020\/11\/cindes_h1.png\" sizes=\"(max-width: 600px) 100vw, 600px\" srcset=\"https:\/\/ocaa.org.br\/wp-content\/uploads\/2020\/11\/cindes_h1.png 600w, https:\/\/ocaa.org.br\/wp-content\/uploads\/2020\/11\/cindes_h1-300x56.png 300w\" alt=\"\" width=\"600\" height=\"111\" \/><br \/>\n<\/a><br \/>\n<a href=\"https:\/\/www.climaesociedade.org\/\" target=\"_blank\" rel=\"noopener\"><br \/>\n<img loading=\"lazy\" src=\"https:\/\/ocaa.org.br\/wp-content\/uploads\/2020\/11\/ics.png\" sizes=\"(max-width: 600px) 100vw, 600px\" srcset=\"https:\/\/ocaa.org.br\/wp-content\/uploads\/2020\/11\/ics.png 600w, https:\/\/ocaa.org.br\/wp-content\/uploads\/2020\/11\/ics-300x132.png 300w\" alt=\"\" width=\"600\" height=\"264\" \/><br \/>\n<img loading=\"lazy\" src=\"https:\/\/ocaa.org.br\/wp-content\/uploads\/2020\/11\/ics_h1.png\" sizes=\"(max-width: 600px) 100vw, 600px\" srcset=\"https:\/\/ocaa.org.br\/wp-content\/uploads\/2020\/11\/ics_h1.png 600w, https:\/\/ocaa.org.br\/wp-content\/uploads\/2020\/11\/ics_h1-300x132.png 300w\" alt=\"\" width=\"600\" height=\"264\" \/><br \/>\n<\/a><br \/>\n<a href=\"https:\/\/imazon.org.br\/en\/\" target=\"_blank\" rel=\"noopener\"><br \/>\n<img loading=\"lazy\" src=\"https:\/\/ocaa.org.br\/wp-content\/uploads\/2020\/11\/imazon.png\" sizes=\"(max-width: 600px) 100vw, 600px\" srcset=\"https:\/\/ocaa.org.br\/wp-content\/uploads\/2020\/11\/imazon.png 600w, https:\/\/ocaa.org.br\/wp-content\/uploads\/2020\/11\/imazon-300x94.png 300w\" alt=\"\" width=\"600\" height=\"187\" \/><br \/>\n<img loading=\"lazy\" src=\"https:\/\/ocaa.org.br\/wp-content\/uploads\/2020\/11\/imazon_h1.png\" sizes=\"(max-width: 600px) 100vw, 600px\" srcset=\"https:\/\/ocaa.org.br\/wp-content\/uploads\/2020\/11\/imazon_h1.png 600w, https:\/\/ocaa.org.br\/wp-content\/uploads\/2020\/11\/imazon_h1-300x94.png 300w\" alt=\"\" width=\"600\" height=\"187\" \/><br \/>\n<\/a><br \/>\n<a href=\"https:\/\/ipam.org.br\/\" target=\"_blank\" rel=\"noopener\"><br \/>\n<img loading=\"lazy\" src=\"https:\/\/ocaa.org.br\/wp-content\/uploads\/2020\/11\/ipam.png\" sizes=\"(max-width: 600px) 100vw, 600px\" srcset=\"https:\/\/ocaa.org.br\/wp-content\/uploads\/2020\/11\/ipam.png 600w, https:\/\/ocaa.org.br\/wp-content\/uploads\/2020\/11\/ipam-300x82.png 300w\" alt=\"\" width=\"600\" height=\"164\" \/><br \/>\n<img loading=\"lazy\" src=\"https:\/\/ocaa.org.br\/wp-content\/uploads\/2020\/11\/ipam_h1.png\" sizes=\"(max-width: 600px) 100vw, 600px\" srcset=\"https:\/\/ocaa.org.br\/wp-content\/uploads\/2020\/11\/ipam_h1.png 600w, https:\/\/ocaa.org.br\/wp-content\/uploads\/2020\/11\/ipam_h1-300x82.png 300w\" alt=\"\" width=\"600\" height=\"164\" \/><br \/>\n<\/a><\/p>\n<h2>Gobernanza<\/h2>\n<h3>Miembros fundadores<\/h3>\n<p><a href=\"https:\/\/imazon.org.br\/en\/\" target=\"_blank\" rel=\"noopener\"><br \/>\n<img loading=\"lazy\" src=\"https:\/\/ocaa.org.br\/wp-content\/uploads\/2020\/11\/imazon.png\" sizes=\"(max-width: 600px) 100vw, 600px\" srcset=\"https:\/\/ocaa.org.br\/wp-content\/uploads\/2020\/11\/imazon.png 600w, https:\/\/ocaa.org.br\/wp-content\/uploads\/2020\/11\/imazon-300x94.png 300w\" alt=\"\" width=\"600\" height=\"187\" \/><br \/>\n<img loading=\"lazy\" src=\"https:\/\/ocaa.org.br\/wp-content\/uploads\/2020\/11\/imazon_h1.png\" sizes=\"(max-width: 600px) 100vw, 600px\" srcset=\"https:\/\/ocaa.org.br\/wp-content\/uploads\/2020\/11\/imazon_h1.png 600w, https:\/\/ocaa.org.br\/wp-content\/uploads\/2020\/11\/imazon_h1-300x94.png 300w\" alt=\"\" width=\"600\" height=\"187\" \/><br \/>\n<\/a><br \/>\n<a href=\"https:\/\/www.climaesociedade.org\/\" target=\"_blank\" rel=\"noopener\"><br \/>\n<img loading=\"lazy\" src=\"https:\/\/ocaa.org.br\/wp-content\/uploads\/2020\/11\/ics.png\" sizes=\"(max-width: 600px) 100vw, 600px\" srcset=\"https:\/\/ocaa.org.br\/wp-content\/uploads\/2020\/11\/ics.png 600w, https:\/\/ocaa.org.br\/wp-content\/uploads\/2020\/11\/ics-300x132.png 300w\" alt=\"\" width=\"600\" height=\"264\" \/><br \/>\n<img loading=\"lazy\" src=\"https:\/\/ocaa.org.br\/wp-content\/uploads\/2020\/11\/ics_h1.png\" sizes=\"(max-width: 600px) 100vw, 600px\" srcset=\"https:\/\/ocaa.org.br\/wp-content\/uploads\/2020\/11\/ics_h1.png 600w, https:\/\/ocaa.org.br\/wp-content\/uploads\/2020\/11\/ics_h1-300x132.png 300w\" alt=\"\" width=\"600\" height=\"264\" \/><br \/>\n<\/a><br \/>\n<a href=\"https:\/\/ipam.org.br\/\" target=\"_blank\" rel=\"noopener\"><br \/>\n<img loading=\"lazy\" src=\"https:\/\/ocaa.org.br\/wp-content\/uploads\/2020\/11\/ipam.png\" sizes=\"(max-width: 600px) 100vw, 600px\" srcset=\"https:\/\/ocaa.org.br\/wp-content\/uploads\/2020\/11\/ipam.png 600w, https:\/\/ocaa.org.br\/wp-content\/uploads\/2020\/11\/ipam-300x82.png 300w\" alt=\"\" width=\"600\" height=\"164\" \/><br \/>\n<img loading=\"lazy\" src=\"https:\/\/ocaa.org.br\/wp-content\/uploads\/2020\/11\/ipam_h1.png\" sizes=\"(max-width: 600px) 100vw, 600px\" srcset=\"https:\/\/ocaa.org.br\/wp-content\/uploads\/2020\/11\/ipam_h1.png 600w, https:\/\/ocaa.org.br\/wp-content\/uploads\/2020\/11\/ipam_h1-300x82.png 300w\" alt=\"\" width=\"600\" height=\"164\" \/><br \/>\n<\/a><br \/>\n<a href=\"https:\/\/www.cindesbrasil.org\/site\/\" target=\"_blank\" rel=\"noopener\"><br \/>\n<img loading=\"lazy\" src=\"https:\/\/ocaa.org.br\/wp-content\/uploads\/2020\/11\/cindes.png\" sizes=\"(max-width: 600px) 100vw, 600px\" srcset=\"https:\/\/ocaa.org.br\/wp-content\/uploads\/2020\/11\/cindes.png 600w, https:\/\/ocaa.org.br\/wp-content\/uploads\/2020\/11\/cindes-300x56.png 300w\" alt=\"\" width=\"600\" height=\"111\" \/><br \/>\n<img loading=\"lazy\" src=\"https:\/\/ocaa.org.br\/wp-content\/uploads\/2020\/11\/cindes_h1.png\" sizes=\"(max-width: 600px) 100vw, 600px\" srcset=\"https:\/\/ocaa.org.br\/wp-content\/uploads\/2020\/11\/cindes_h1.png 600w, https:\/\/ocaa.org.br\/wp-content\/uploads\/2020\/11\/cindes_h1-300x56.png 300w\" alt=\"\" width=\"600\" height=\"111\" \/><br \/>\n<\/a><br \/>\nEstas son las instituciones que, de manera colaborativa, han ejecutado actividades y proyectos que buscan impulsar el debate, contribuyendo a un mejor entendimiento de las cuestiones ambientales, de comercio y acuerdos comerciales, enfoc\u00e1ndose en sus implicaciones e impactos en la Amazon\u00eda.<\/p>\n<h1>Secretaria Executiva<\/h1>\n<h2>Secretaria Executiva<\/h2>\n<p>La Secretar\u00eda Ejecutiva del OCAA ser\u00e1 inicialmente administrada por el IPAM.<\/p>\n<p>Estar\u00e1 a cargo de esta Secretaria: (1) elaboraci\u00f3n de propuestas de estructuras de gobernanza para el Observatorio y de reglamento m\u00ednimo para la participaci\u00f3n de sus miembros; (2) administraci\u00f3n y apoyo log\u00edstico a las actividades propuestas.<\/p>\n","protected":false},"excerpt":{"rendered":"<p>QUI\u00c9NES SOMOS QUI\u00c9NES SOMOS Idealizado por cuatro organizaciones de la sociedad civil, el OCAA (Observatorio de Comercio y Ambiente en la Amazon\u00eda) es una plataforma que re\u00fane informaci\u00f3n calificada sobre las relaciones entre el comercio internacional y el medio ambiente en la Amazon\u00eda, estimulando el di\u00e1logo basado en la ciencia y la participaci\u00f3n de diversos [&hellip;]<\/p>\n","protected":false},"author":13,"featured_media":0,"parent":0,"menu_order":0,"comment_status":"closed","ping_status":"closed","template":"","meta":[],"translation":{"provider":"WPGlobus","version":"2.7.3","language":"es","enabled_languages":["br","en","es"],"languages":{"br":{"title":true,"content":true,"excerpt":false},"en":{"title":true,"content":true,"excerpt":false},"es":{"title":true,"content":true,"excerpt":false}}},"_links":{"self":[{"href":"https:\/\/ocaa.org.br\/es\/wp-json\/wp\/v2\/pages\/1858"}],"collection":[{"href":"https:\/\/ocaa.org.br\/es\/wp-json\/wp\/v2\/pages"}],"about":[{"href":"https:\/\/ocaa.org.br\/es\/wp-json\/wp\/v2\/types\/page"}],"author":[{"embeddable":true,"href":"https:\/\/ocaa.org.br\/es\/wp-json\/wp\/v2\/users\/13"}],"replies":[{"embeddable":true,"href":"https:\/\/ocaa.org.br\/es\/wp-json\/wp\/v2\/comments?post=1858"}],"version-history":[{"count":53,"href":"https:\/\/ocaa.org.br\/es\/wp-json\/wp\/v2\/pages\/1858\/revisions"}],"predecessor-version":[{"id":10429,"href":"https:\/\/ocaa.org.br\/es\/wp-json\/wp\/v2\/pages\/1858\/revisions\/10429"}],"wp:attachment":[{"href":"https:\/\/ocaa.org.br\/es\/wp-json\/wp\/v2\/media?parent=1858"}],"curies":[{"name":"wp","href":"https:\/\/api.w.org\/{rel}","templated":true}]}}