{"id":8063,"date":"2020-12-05T19:45:27","date_gmt":"2020-12-05T22:45:27","guid":{"rendered":"https:\/\/ocaa.org.br\/?page_id=8063"},"modified":"2020-12-26T12:27:28","modified_gmt":"2020-12-26T15:27:28","slug":"por-que-criar-o-ocaa","status":"publish","type":"page","link":"https:\/\/ocaa.org.br\/es\/por-que-criar-o-ocaa\/","title":{"rendered":"\u00bfPor qu\u00e9 crear el OCAA?"},"content":{"rendered":"<p><a itemprop=\"url\" href=\"https:\/\/ocaa.org.br\/es\/quem-somos\/\" target=\"_self\" rel=\"noopener\"><br \/>\n\t\t<?xml version=\"1.0\" encoding=\"utf-8\"?><br \/>\n<!-- Generator: Adobe Illustrator 25.0.1, SVG Export Plug-In . SVG Version: 6.00 Build 0)  --><br \/>\n<svg version=\"1.1\" id=\"Layer_1\" xmlns=\"http:\/\/www.w3.org\/2000\/svg\" xmlns:xlink=\"http:\/\/www.w3.org\/1999\/xlink\" x=\"0px\" y=\"0px\"\n\t viewBox=\"0 0 25 25\" style=\"enable-background:new 0 0 25 25;height: 25px;\" xml:space=\"preserve\"><\/p>\n<style type=\"text\/css\">\n\t.st0{fill:#F15739;}\n<\/style>\n<polygon points=\"5.1,2.9 23.8,2.9 23.8,0 3.1,0 1.6,0 0,0 0,1.4 0,3.1 0,23.7 2.9,23.7 2.9,4.8 22.5,24.3 24.5,22.3 \"\/>\n<\/svg><br \/>\n\t\t\t<\/a><\/p>\n<h4 style=\"margin-top: 5px;color: #F15739\">\n\t\t\t\t\t<a itemprop=\"url\" href=\"https:\/\/ocaa.org.br\/es\/quem-somos\/\" target=\"_self\" rel=\"noopener\"><br \/>\n\t\t\t\t\tVolver<br \/>\n\t\t\t\t\t<\/a><br \/>\n\t\t\t<\/h4>\n<h1>\u00bfPor qu\u00e9 crear el OCAA?<\/h1>\n<h2>\u00bfPor qu\u00e9 crear el OCAA?<\/h2>\n<p>Seg\u00fan el INPE, la deforestaci\u00f3n en la Amazon\u00eda brasile\u00f1a aument\u00f3 un 9,5% de enero a noviembre de 2020 (11.088 km\u00b2), en comparaci\u00f3n con el mismo per\u00edodo de 2019.<\/p>\n<p>La destrucci\u00f3n fue particularmente intensa en los bosques p\u00fablicos, especialmente los clasificados como a\u00fan sin destinaci\u00f3n, que cubren un \u00e1rea de 50 millones de hect\u00e1reas. Adem\u00e1s de la temporada alta de incendios en la regi\u00f3n en 2020, el Pantanal tambi\u00e9n se vio gravemente afectado.<\/p>\n<p>Este aumento y la repetici\u00f3n, en 2020, de los episodios de grandes incendios que marcaron 2019, en medio a la pandemia de Covid-19, han atra\u00eddo los ojos del mundo hacia la regi\u00f3n amaz\u00f3nica.<\/p>\n<p>La imagen ya desgastada de Brasil se ha deteriorado cada vez m\u00e1s ante la sociedad civil, en el pa\u00eds y en el exterior, y a los gobiernos de otras naciones, especialmente en el continente europeo. Como resultado, acuerdos comerciales con pa\u00edses desarrollados en los que Brasil est\u00e1 incluido (ya negociados o en negociaci\u00f3n) est\u00e1n siendo cuestionados por nuestros aliados.<\/p>\n<p>Manifestaciones de inversionistas y compradores extranjeros, preocupados por el avance de la deforestaci\u00f3n en la Amazon\u00eda y, m\u00e1s ampliamente, por la pol\u00edtica ambiental del gobierno, sugieren una reacci\u00f3n que puede perjudicar las relaciones comerciales en las que el pa\u00eds est\u00e1 involucrado, adem\u00e1s de resultar en la evasi\u00f3n de inversiones y en boicots a los productos agroindustriales brasile\u00f1os &#8211; algo que podr\u00eda ser potencialmente desastroso para la econom\u00eda nacional, ya afectada por la pandemia.<\/p>\n<p>Este escenario de desconfianza en relaci\u00f3n a la capacidad de Brasil, sin embargo, no parece ser algo pasajero. Si no se revierte el ritmo actual de degradaci\u00f3n socioambiental, especialmente en la Amazonia, esta percepci\u00f3n promete perdurar. Hay dos razones para eso.<\/p>\n<p>La primera es el entendimiento mundial de que la destrucci\u00f3n del bosque tropical m\u00e1s grande del planeta trae serias implicaciones no solo para Brasil. Podemos mencionar, por ejemplo, las amenazas a la producci\u00f3n nacional de alimentos que abastece a varios otros pa\u00edses. Este es, por lo tanto, un tema que preocupa a la comunidad mundial.<\/p>\n<p>La segunda es que la agenda ambiental y clim\u00e1tica ha subido significativamente en el ranking de las prioridades de las pol\u00edticas p\u00fablicas, especialmente en los pa\u00edses desarrollados, y se convertir\u00e1 cada vez m\u00e1s en un componente ineludible de las pol\u00edticas sectoriales y horizontales.<\/p>\n<p>Este es un fen\u00f3meno que se hace especialmente claro en el caso de las pol\u00edticas comerciales, en las que acuerdos preferenciales de comercio han asociado de manera creciente objetivos econ\u00f3mico-comerciales, por un lado, y socioambientales, por otro.<\/p>\n<p>La existencia de cap\u00edtulos sobre comercio y desarrollo sostenible (o sobre comercio, medio ambiente y trabajo) en los recientes acuerdos comerciales firmados por la Uni\u00f3n Europea, la Asociaci\u00f3n Europea de Libre Comercio (EFTA), Estados Unidos y Canad\u00e1 es la mejor expresi\u00f3n de esta tendencia y refleja la necesidad de internalizar el tema socioambiental en las discusiones de comercio internacional.<\/p>\n<p>No es por casualidad que la deforestaci\u00f3n en la Amazon\u00eda y, m\u00e1s ampliamente, la pol\u00edtica ambiental del gobierno brasile\u00f1o, sean los puntos cr\u00edticos a la hora de discutir la posibilidad de ratificaci\u00f3n y entrada en vigor del acuerdo comercial entre el MERCOSUR y la Uni\u00f3n Europea.<\/p>\n<p>Esta nueva din\u00e1mica requiere que la sociedad civil, en Brasil y en otros pa\u00edses, se involucre en iniciativas que busquen contribuir para que el comercio internacional no solo tenga en cuenta las condicionantes ambientales y clim\u00e1ticas, sino que funcione como un instrumento para promover el desarrollo sostenible.<\/p>\n<p>El OCAA &#8211; Observatorio de Comercio y Medio Ambiente en la Amazon\u00eda &#8211; pretende participar activamente en este proceso y poner a la Amazon\u00eda en el centro del debate sobre las relaciones entre las agendas de comercio y medio ambiente.<\/p>\n<p>Nuestro objetivo es discutir propuestas de pol\u00edticas e instrumentos que avancen hacia la convergencia entre objetivos de protecci\u00f3n socioambiental y el necesario incremento en la producci\u00f3n y comercializaci\u00f3n de bienes y servicios generados en la regi\u00f3n amaz\u00f3nica.<\/p>\n<p>La Amazon\u00eda es un activo econ\u00f3mico y ambiental \u00fanico en el mundo. La urgencia por preservar la mayor reserva de carbono biol\u00f3gico del mundo y la discusi\u00f3n de alternativas sostenibles para la producci\u00f3n y comercializaci\u00f3n de los bienes econ\u00f3micos en ella generados, justifican la existencia de una plataforma que, adem\u00e1s de brindar material t\u00e9cnico de calidad, pueda fomentar el debate basado en la ciencia y la participaci\u00f3n de varios actores de la sociedad.<\/p>\n<h4>Bibliograf\u00eda<\/h4>\n<h6>1.<\/h6>\n<h6>OBT &#8211; INPE. PRODES &#8211; Amaz\u00f4nia. Observat\u00f3rio da Terra &#8211; INPE, 2020. Available in: &lt;http:\/\/www.obt.inpe.br\/OBT\/assuntos\/programas\/amazonia\/prodes&gt;. Access: Dec. 4, 2020.<\/h6>\n<h6>2.<\/h6>\n<h6>a. Ane Alencar, Paulo Moutinho, Vera Arruda, Camila Balzani, and Jo\u00e3o Ribeiro. 2019. Amaz\u00f4nia em chamas &#8211; onde est\u00e1 o fogo: nota t\u00e9cnica no. 2. Bras\u00edlia. Amazon Environmental Research Institute. Available in: https:\/\/ipam.org.br\/bibliotecas\/amazonia-em-chamas-onde-esta-o-fogo\/.<\/h6>\n<h6>b. Andr\u00e9 Albuquerque Sant&#8217;Anna, Ane Alencar, Luciana T\u00e9llez-Ch\u00e1vez, Andrea Carvalho, Andr\u00e9 Guimar\u00e3es, Paulo Moutinho, Miguel Lago, Daniel Wilkinson, Felix Horne, Maria Laura Canineu, C\u00e9sar Mu\u00f1oz, Josh Lyons, Carolina Jord\u00e1 \u00c1lvarez, Bryan Root, Juliana Nnoko-, B.O. IPAM Amaz\u00f4nia &#8211; | O ar \u00e9 insuport\u00e1vel \u2013 Os impactos das queimadas associadas ao desmatamento da Amaz\u00f4nia brasileira na sa\u00fade. [s. l: s. n.]. Available in: &lt;https:\/\/ipam.org.br\/bibliotecas\/o-ar-e-insuportavel-os-impactos-das-queimadas-associadas-ao-desmatamento-da-amazonia-brasileira-na-saude\/&gt;. Access: Dec. 4, 2020.<\/h6>\n<h6>3.<\/h6>\n<h6>Azevedo-Ramos, Claudia, Paulo Moutinho, Vera La\u00edsa da S. Arruda, Marcelo C.C. Stabile, Ane Alencar, Isabel Castro, and Jo\u00e3o Paulo Ribeiro. 2020. \u201cLawless Land in No Man\u2019s Land: The Undesignated Public Forests in the Brazilian Amazon.\u201d Land Use Policy 99 (January): 104863. https:\/\/doi.org\/10.1016\/j.landusepol.2020.104863.<\/h6>\n<h6>4.<\/h6>\n<h6>a. Escobar, Herton. 2019. \u201cBrazilian President Attacks Deforestation Data.\u201d Science 365 (6452): 419\u2013419. https:\/\/doi.org\/10.1126\/science.365.6452.419.<\/h6>\n<h6>b. Kehoe, Laura, Tiago N.P. dos Reis, Patrick Meyfroidt, Simon Bager, Ralf Seppelt, Tobias Kuemmerle, Erika Berenguer, et al. 2020. \u201cInclusion, Transparency, and Enforcement: How the EU-Mercosur Trade Agreement Fails the Sustainability Test.\u201d One Earth 3 (3): 268\u201372. https:\/\/doi.org\/10.1016\/j.oneear.2020.08.013.<\/h6>\n<h6>c. FERN. 2020.Acordo Comercial entre Uni\u00e3o Europeia e Mercosul. Bruxelas: Fern. Available in: https:\/\/www.fern.org\/fileadmin\/uploads\/fern\/Documents\/2020\/The_EU-Mercosur_Trade_Agreement-PT-BR.pdf<\/h6>\n<h6>5.<\/h6>\n<h6>Angel Aguiar, Eug\u00eanio Arima, Farzad Taheripour, Paulo Barreto. 2020. \u00abIs the Mercosur-EU trade agreement deforestation-proof?\u00bb. Bel\u00e9m. Institute of Man and Environment of the Amazon. Available in: https:\/\/imazon.org.br\/wpcontent\/uploads\/2020\/11\/mercosulue_en_imazon.pdf<\/h6>\n<h6>6.<\/h6>\n<h6>a. Coe, Michael T., Paulo M. Brando, Linda A. Deegan, Marcia N. Macedo, Christopher Neill, and Divino V. Silv\u00e9rio. 2017. \u201cThe Forests of the Amazon and Cerrado Moderate Regional Climate and Are the Key to the Future.\u201d Tropical Conservation Science 10 (June). https:\/\/doi.org\/10.1177\/1940082917720671;<\/h6>\n<h6>b. Marengo, Jose A., Carlos M. Souza, Kirsten Thonicke, Chantelle Burton, Kate Halladay, Richard A. Betts, Lincoln M. Alves, and Wagner R. Soares. 2018. \u201cChanges in Climate and Land Use Over the Amazon Region: Current and Future Variability and Trends.\u201d Frontiers in Earth Science. https:\/\/doi.org\/10.3389\/feart.2018.00228;<\/h6>\n<h6>c. Silv\u00e9rio, Divino V., Paulo M. Brando, Marcia N. Macedo, Pieter S.A. Beck, Mercedes Bustamante, and Michael T. Coe. 2015. \u201cAgricultural Expansion Dominates Climate Changes in Southeastern Amazonia: The Overlooked Non-GHG Forcing.\u201d Environmental Research Letters 10 (10): 104015. https:\/\/doi.org\/10.1088\/1748-9326\/10\/10\/104015.<\/h6>\n","protected":false},"excerpt":{"rendered":"<p>Volver \u00bfPor qu\u00e9 crear el OCAA? \u00bfPor qu\u00e9 crear el OCAA? Seg\u00fan el INPE, la deforestaci\u00f3n en la Amazon\u00eda brasile\u00f1a aument\u00f3 un 9,5% de enero a noviembre de 2020 (11.088 km\u00b2), en comparaci\u00f3n con el mismo per\u00edodo de 2019. La destrucci\u00f3n fue particularmente intensa en los bosques p\u00fablicos, especialmente los clasificados como a\u00fan sin destinaci\u00f3n, [&hellip;]<\/p>\n","protected":false},"author":13,"featured_media":0,"parent":0,"menu_order":0,"comment_status":"closed","ping_status":"closed","template":"page-full-width.php","meta":[],"translation":{"provider":"WPGlobus","version":"2.7.3","language":"es","enabled_languages":["br","en","es"],"languages":{"br":{"title":true,"content":true,"excerpt":false},"en":{"title":true,"content":true,"excerpt":false},"es":{"title":true,"content":true,"excerpt":false}}},"_links":{"self":[{"href":"https:\/\/ocaa.org.br\/es\/wp-json\/wp\/v2\/pages\/8063"}],"collection":[{"href":"https:\/\/ocaa.org.br\/es\/wp-json\/wp\/v2\/pages"}],"about":[{"href":"https:\/\/ocaa.org.br\/es\/wp-json\/wp\/v2\/types\/page"}],"author":[{"embeddable":true,"href":"https:\/\/ocaa.org.br\/es\/wp-json\/wp\/v2\/users\/13"}],"replies":[{"embeddable":true,"href":"https:\/\/ocaa.org.br\/es\/wp-json\/wp\/v2\/comments?post=8063"}],"version-history":[{"count":17,"href":"https:\/\/ocaa.org.br\/es\/wp-json\/wp\/v2\/pages\/8063\/revisions"}],"predecessor-version":[{"id":10192,"href":"https:\/\/ocaa.org.br\/es\/wp-json\/wp\/v2\/pages\/8063\/revisions\/10192"}],"wp:attachment":[{"href":"https:\/\/ocaa.org.br\/es\/wp-json\/wp\/v2\/media?parent=8063"}],"curies":[{"name":"wp","href":"https:\/\/api.w.org\/{rel}","templated":true}]}}