{"id":8768,"date":"2020-12-09T15:36:48","date_gmt":"2020-12-09T18:36:48","guid":{"rendered":"https:\/\/ocaa.org.br\/newsletter\/"},"modified":"2023-09-29T21:37:49","modified_gmt":"2023-09-30T00:37:49","slug":"newsletter","status":"publish","type":"page","link":"https:\/\/ocaa.org.br\/es\/newsletter\/","title":{"rendered":"Newsletter"},"content":{"rendered":"<h1>\u00danete al debate<\/h1>\n<h3>Suscr\u00edbete a<br \/>nuestro bolet\u00edn<\/h3>\n\n<div id=\"mailerlite-form_3\" data-temp-id=\"69f9d7e4c71b3\">\n    <div class=\"mailerlite-form\">\n        <form action=\"\" method=\"post\">\n            <div class=\"mailerlite-form-title\"><h3><\/h3><\/div>\n            <div class=\"mailerlite-form-description\"><\/div>\n            <div class=\"mailerlite-form-inputs\">\n\t\t\t\t\t\t\t\t\t                    <div class=\"mailerlite-form-field\">\n                        <label for=\"mailerlite-3-field-email\">Correo electr\u00f3nico<\/label>\n                        <input id=\"mailerlite-3-field-email\"\n                               type=\"email\" required=\"required\"\n                               name=\"form_fields[email]\"\/>\n                    <\/div>\n\t\t\t\t\t\t\t\t\t                    <div class=\"mailerlite-form-field\">\n                        <label for=\"mailerlite-3-field-name\">Nombre<\/label>\n                        <input id=\"mailerlite-3-field-name\"\n                               type=\"text\" required=\"required\"\n                               name=\"form_fields[name]\"\/>\n                    <\/div>\n\t\t\t\t\t\t\t\t\t                    <div class=\"mailerlite-form-field\">\n                        <label for=\"mailerlite-3-field-last_name\">Apellido<\/label>\n                        <input id=\"mailerlite-3-field-last_name\"\n                               type=\"text\" required=\"required\"\n                               name=\"form_fields[last_name]\"\/>\n                    <\/div>\n\t\t\t\t                <div class=\"mailerlite-form-loader\">Espere...<\/div>\n                <div class=\"mailerlite-subscribe-button-container\">\n                    <input class=\"mailerlite-subscribe-submit\" type=\"submit\"\n                           value=\"Registrarte\"\/>\n                <\/div>\n                <input type=\"hidden\" name=\"form_id\" value=\"3\"\/>\n                <input type=\"hidden\" name=\"action\" value=\"mailerlite_subscribe_form\"\/>\n                <input type=\"hidden\" name=\"ml_nonce\" value=\"b608996669\"\/>\n            <\/div>\n            <div class=\"mailerlite-form-response\">\n\t\t\t\t                    <h4><p style=\"text-align: center;\">Gracias por registrarte<\/p>\n<p style=\"text-align: center;\"><strong><a href=\"https:\/\/ocaa.org.br\/es\/\">Volver a la p\u00e1gina de inicio<\/a><\/strong><\/p>\n<\/h4>\n\t\t\t\t            <\/div>\n        <\/form>\n    <\/div>\n<\/div>\n\n\n<script type=\"text\/javascript\">\n    window.addEventListener(\"load\", function (event) {\n        var jQuery = window.jQueryWP || window.jQuery;\n\n        jQuery(document).ready(function () {\n            var form_container = jQuery(\"#mailerlite-form_3[data-temp-id=69f9d7e4c71b3] form\");\n            form_container.submit(function (e) {\n                e.preventDefault();\n            }).validate({\n                submitHandler: function (form) {\n\n                    jQuery(this.submitButton).prop('disabled', true);\n\n                    form_container.find('.mailerlite-subscribe-button-container').fadeOut(function () {\n                        form_container.find('.mailerlite-form-loader').fadeIn()\n                    });\n\n                    var data = jQuery(form).serialize();\n\n                    jQuery.post('https:\/\/ocaa.org.br\/wp-admin\/admin-ajax.php', data, function (response) {\n                        form_container.find('.mailerlite-form-inputs').fadeOut(function () {\n                            form_container.find('.mailerlite-form-response').fadeIn()\n                        });\n                    });\n                }\n            });\n        });\n    }, false);\n<\/script>\n\n","protected":false},"excerpt":{"rendered":"<p>\u00danete al debate Suscr\u00edbete anuestro bolet\u00edn<\/p>\n","protected":false},"author":13,"featured_media":0,"parent":0,"menu_order":0,"comment_status":"closed","ping_status":"closed","template":"","meta":[],"translation":{"provider":"WPGlobus","version":"2.7.3","language":"es","enabled_languages":["br","en","es"],"languages":{"br":{"title":true,"content":true,"excerpt":false},"en":{"title":true,"content":true,"excerpt":false},"es":{"title":false,"content":true,"excerpt":false}}},"_links":{"self":[{"href":"https:\/\/ocaa.org.br\/es\/wp-json\/wp\/v2\/pages\/8768"}],"collection":[{"href":"https:\/\/ocaa.org.br\/es\/wp-json\/wp\/v2\/pages"}],"about":[{"href":"https:\/\/ocaa.org.br\/es\/wp-json\/wp\/v2\/types\/page"}],"author":[{"embeddable":true,"href":"https:\/\/ocaa.org.br\/es\/wp-json\/wp\/v2\/users\/13"}],"replies":[{"embeddable":true,"href":"https:\/\/ocaa.org.br\/es\/wp-json\/wp\/v2\/comments?post=8768"}],"version-history":[{"count":56,"href":"https:\/\/ocaa.org.br\/es\/wp-json\/wp\/v2\/pages\/8768\/revisions"}],"predecessor-version":[{"id":15125,"href":"https:\/\/ocaa.org.br\/es\/wp-json\/wp\/v2\/pages\/8768\/revisions\/15125"}],"wp:attachment":[{"href":"https:\/\/ocaa.org.br\/es\/wp-json\/wp\/v2\/media?parent=8768"}],"curies":[{"name":"wp","href":"https:\/\/api.w.org\/{rel}","templated":true}]}}